{"id":16,"date":"2024-12-27T02:09:28","date_gmt":"2024-12-27T02:09:28","guid":{"rendered":"https:\/\/crenfcp.edu.mx\/web\/?page_id=16"},"modified":"2025-04-06T23:54:43","modified_gmt":"2025-04-06T23:54:43","slug":"contacto","status":"publish","type":"page","link":"https:\/\/crenfcp.edu.mx\/web\/contacto\/","title":{"rendered":"Contacto"},"content":{"rendered":"\n<p><strong>Direcci\u00f3n<\/strong><br>Calle 66 entre 54 y 48 s\/n. Colonia Leona Vicario, C.P. 77210.<br>Felipe Carrillo Puerto, Quintana Roo<\/p>\n\n\n\n<p><strong>Tel\u00e9fono<\/strong><br>(983) 210-1685<\/p>\n\n\n\n<p><strong>Correo electr\u00f3nico<\/strong><br><a href=\"mailto:contacto@crenfcp.edu.mx\" target=\"_blank\" rel=\"noreferrer noopener\">contacto@crenfcp.edu.mx<\/a><\/p>\n\n\n\n<p><a href=\"https:\/\/www.facebook.com\/share\/1AUVQXavPu\/\" target=\"_blank\" rel=\"noreferrer noopener\">Normal Preescolar @ Facebook<\/a> | Cont\u00e1ctanos por <a href=\"https:\/\/api.whatsapp.com\/send\/?phone=9832101685\" target=\"_blank\" rel=\"noreferrer noopener\"><strong>WhatsApp<\/strong><\/a><\/p>\n\n\n\n<p><\/p>\n","protected":false},"excerpt":{"rendered":"<p>Direcci\u00f3nCalle 66 entre 54 y 48 s\/n. Colonia Leona Vicario, C.P. 77210.Felipe Carrillo Puerto, Quintana Roo Tel\u00e9fono(983) 210-1685 Correo electr\u00f3nicocontacto@crenfcp.edu.mx Normal Preescolar @ Facebook | Cont\u00e1ctanos por WhatsApp<\/p>\n","protected":false},"author":1,"featured_media":0,"parent":0,"menu_order":0,"comment_status":"closed","ping_status":"closed","template":"","meta":{"_uf_show_specific_survey":0,"_uf_disable_surveys":false,"vkexunit_cta_each_option":"","footnotes":""},"class_list":["post-16","page","type-page","status-publish","hentry"],"aioseo_notices":[],"_links":{"self":[{"href":"https:\/\/crenfcp.edu.mx\/web\/wp-json\/wp\/v2\/pages\/16","targetHints":{"allow":["GET"]}}],"collection":[{"href":"https:\/\/crenfcp.edu.mx\/web\/wp-json\/wp\/v2\/pages"}],"about":[{"href":"https:\/\/crenfcp.edu.mx\/web\/wp-json\/wp\/v2\/types\/page"}],"author":[{"embeddable":true,"href":"https:\/\/crenfcp.edu.mx\/web\/wp-json\/wp\/v2\/users\/1"}],"replies":[{"embeddable":true,"href":"https:\/\/crenfcp.edu.mx\/web\/wp-json\/wp\/v2\/comments?post=16"}],"version-history":[{"count":3,"href":"https:\/\/crenfcp.edu.mx\/web\/wp-json\/wp\/v2\/pages\/16\/revisions"}],"predecessor-version":[{"id":79,"href":"https:\/\/crenfcp.edu.mx\/web\/wp-json\/wp\/v2\/pages\/16\/revisions\/79"}],"wp:attachment":[{"href":"https:\/\/crenfcp.edu.mx\/web\/wp-json\/wp\/v2\/media?parent=16"}],"curies":[{"name":"wp","href":"https:\/\/api.w.org\/{rel}","templated":true}]}}